{"id":58,"date":"2019-01-01T16:42:47","date_gmt":"2019-01-01T16:42:47","guid":{"rendered":"http:\/\/harmolesque.lfaf.de\/?page_id=58"},"modified":"2019-01-01T16:43:53","modified_gmt":"2019-01-01T16:43:53","slug":"auftritte","status":"publish","type":"page","link":"https:\/\/harmolesque.lfaf.de\/?page_id=58","title":{"rendered":"Auftritte"},"content":{"rendered":"\n<ul><li>Weitere Auftritte in Planung<\/li><\/ul>\n\n\n\n<p><\/p>\n\n\n\n<ul><li>{<strong>Die Praxisparty am 09.03.2013<\/strong>}<\/li><\/ul>\n\n\n\n<p>Diesmal hatten wir etwas eine halbe Stunde Musik von uns im Gep\u00e4ck und konnten unsere Zuh\u00f6rer noch mehr f\u00fcr unsere Musik einnehmen.\n\t\tEs war ein wunderbarer Abend, nicht zuletzt dank der begeisterten Zuh\u00f6rer.<\/p>\n\n\n\n<ul><li>{<strong>Weinfest am 09.06.2012<\/strong>}<\/li><\/ul>\n\n\n\n<p>Auf der Hochzeitsfeier von Kons gaben wir ein Mini-Wohnzimmer-Konzert in gem\u00fctlicher Jazz-Club-Atmosph\u00e4re. Selbst die Nachbarschaft wurde an unserem Sp\u00e4tkonzert beteiligt.<\/p>\n\n\n\n<ul><li>{<strong>Galeria Maya am 05.08.2011<\/strong>}<\/li><\/ul>\n\n\n\n<p>Bis zu diesem Abend hie\u00dfen wir noch A Teethfull Mouth, benannten uns nun aber in Harmolesque um. Die Gefahr der fliegenden Prothesen und der feuchten Gesichter in der ersten Reihe war gebannt. <\/p>\n\n\n\n<ul><li> {<strong>Die Praxisparty am 30.01.2011<\/strong>} <\/li><\/ul>\n\n\n\n<p>Das erste Mal &#8211; zwei unserer Lieder in der \u00d6ffentlichkeit &#8211; vor dem h\u00e4rtesten Publikum, das man bespielen kann: der Chor, in dem man mitsingt.           <\/p>\n","protected":false},"excerpt":{"rendered":"<p>Weitere Auftritte in Planung {Die Praxisparty am 09.03.2013} Diesmal hatten wir etwas eine halbe Stunde Musik von uns im Gep\u00e4ck und konnten unsere Zuh\u00f6rer noch mehr f\u00fcr unsere Musik einnehmen. Es war ein wunderbarer Abend, nicht zuletzt dank der begeisterten Zuh\u00f6rer. {Weinfest am 09.06.2012} Auf der Hochzeitsfeier von Kons gaben wir ein Mini-Wohnzimmer-Konzert in gem\u00fctlicher &hellip; <\/p>\n<p class=\"link-more\"><a href=\"https:\/\/harmolesque.lfaf.de\/?page_id=58\" class=\"more-link\"><span class=\"screen-reader-text\">&#8222;Auftritte&#8220;<\/span> weiterlesen<\/a><\/p>\n","protected":false},"author":1,"featured_media":60,"parent":4,"menu_order":0,"comment_status":"closed","ping_status":"closed","template":"","meta":[],"_links":{"self":[{"href":"https:\/\/harmolesque.lfaf.de\/index.php?rest_route=\/wp\/v2\/pages\/58"}],"collection":[{"href":"https:\/\/harmolesque.lfaf.de\/index.php?rest_route=\/wp\/v2\/pages"}],"about":[{"href":"https:\/\/harmolesque.lfaf.de\/index.php?rest_route=\/wp\/v2\/types\/page"}],"author":[{"embeddable":true,"href":"https:\/\/harmolesque.lfaf.de\/index.php?rest_route=\/wp\/v2\/users\/1"}],"replies":[{"embeddable":true,"href":"https:\/\/harmolesque.lfaf.de\/index.php?rest_route=%2Fwp%2Fv2%2Fcomments&post=58"}],"version-history":[{"count":1,"href":"https:\/\/harmolesque.lfaf.de\/index.php?rest_route=\/wp\/v2\/pages\/58\/revisions"}],"predecessor-version":[{"id":59,"href":"https:\/\/harmolesque.lfaf.de\/index.php?rest_route=\/wp\/v2\/pages\/58\/revisions\/59"}],"up":[{"embeddable":true,"href":"https:\/\/harmolesque.lfaf.de\/index.php?rest_route=\/wp\/v2\/pages\/4"}],"wp:featuredmedia":[{"embeddable":true,"href":"https:\/\/harmolesque.lfaf.de\/index.php?rest_route=\/wp\/v2\/media\/60"}],"wp:attachment":[{"href":"https:\/\/harmolesque.lfaf.de\/index.php?rest_route=%2Fwp%2Fv2%2Fmedia&parent=58"}],"curies":[{"name":"wp","href":"https:\/\/api.w.org\/{rel}","templated":true}]}}