{"id":49,"date":"2019-01-01T16:30:42","date_gmt":"2019-01-01T16:30:42","guid":{"rendered":"http:\/\/harmolesque.lfaf.de\/?page_id=49"},"modified":"2019-01-01T17:08:05","modified_gmt":"2019-01-01T17:08:05","slug":"petra-geier","status":"publish","type":"page","link":"https:\/\/harmolesque.lfaf.de\/?page_id=49","title":{"rendered":"Petra Geier (Voc)"},"content":{"rendered":"\n<p>Petra hat mit dem ersten Tag angefangen zu singen. Die positiven Resonanzen hielten sich in Grenzen *grins*. Das hat sich lange Zeit nicht ge\u00e4ndert. Ihre Sturheit hat sie \u00fcber verschiedene Stilrichtungen und Instrumente endlich zum genre-\u00fcbergreifenden Liedgut gebracht. Eigene Texte lassen sich einfach besser singen. Und so wurde Petra die Texterin des Duos.<\/p>\n\n\n\n<figure class=\"wp-block-image\"><img decoding=\"async\" loading=\"lazy\" width=\"342\" height=\"512\" src=\"http:\/\/harmolesque.lfaf.de\/wp-content\/uploads\/2019\/01\/image057.jpg\" alt=\"\" class=\"wp-image-51\" srcset=\"https:\/\/harmolesque.lfaf.de\/wp-content\/uploads\/2019\/01\/image057.jpg 342w, https:\/\/harmolesque.lfaf.de\/wp-content\/uploads\/2019\/01\/image057-200x300.jpg 200w\" sizes=\"(max-width: 342px) 100vw, 342px\" \/><figcaption>Petra Geier<\/figcaption><\/figure>\n","protected":false},"excerpt":{"rendered":"<p>Petra hat mit dem ersten Tag angefangen zu singen. Die positiven Resonanzen hielten sich in Grenzen *grins*. Das hat sich lange Zeit nicht ge\u00e4ndert. Ihre Sturheit hat sie \u00fcber verschiedene Stilrichtungen und Instrumente endlich zum genre-\u00fcbergreifenden Liedgut gebracht. Eigene Texte lassen sich einfach besser singen. Und so wurde Petra die Texterin des Duos.<\/p>\n","protected":false},"author":1,"featured_media":0,"parent":4,"menu_order":0,"comment_status":"closed","ping_status":"closed","template":"","meta":[],"_links":{"self":[{"href":"https:\/\/harmolesque.lfaf.de\/index.php?rest_route=\/wp\/v2\/pages\/49"}],"collection":[{"href":"https:\/\/harmolesque.lfaf.de\/index.php?rest_route=\/wp\/v2\/pages"}],"about":[{"href":"https:\/\/harmolesque.lfaf.de\/index.php?rest_route=\/wp\/v2\/types\/page"}],"author":[{"embeddable":true,"href":"https:\/\/harmolesque.lfaf.de\/index.php?rest_route=\/wp\/v2\/users\/1"}],"replies":[{"embeddable":true,"href":"https:\/\/harmolesque.lfaf.de\/index.php?rest_route=%2Fwp%2Fv2%2Fcomments&post=49"}],"version-history":[{"count":4,"href":"https:\/\/harmolesque.lfaf.de\/index.php?rest_route=\/wp\/v2\/pages\/49\/revisions"}],"predecessor-version":[{"id":80,"href":"https:\/\/harmolesque.lfaf.de\/index.php?rest_route=\/wp\/v2\/pages\/49\/revisions\/80"}],"up":[{"embeddable":true,"href":"https:\/\/harmolesque.lfaf.de\/index.php?rest_route=\/wp\/v2\/pages\/4"}],"wp:attachment":[{"href":"https:\/\/harmolesque.lfaf.de\/index.php?rest_route=%2Fwp%2Fv2%2Fmedia&parent=49"}],"curies":[{"name":"wp","href":"https:\/\/api.w.org\/{rel}","templated":true}]}}